{"id":7,"date":"2017-11-10T02:42:01","date_gmt":"2017-11-10T02:42:01","guid":{"rendered":"https:\/\/cifruitexportlb.com\/?page_id=7"},"modified":"2017-11-13T23:09:19","modified_gmt":"2017-11-13T23:09:19","slug":"quienes-somos","status":"publish","type":"page","link":"https:\/\/cifruitexportlb.com\/?page_id=7","title":{"rendered":"Qui\u00e9nes Somos"},"content":{"rendered":"<div id=\"pl-7\"  class=\"panel-layout\" ><div id=\"pg-7-0\"  class=\"panel-grid panel-no-style\" ><div id=\"pgc-7-0-0\"  class=\"panel-grid-cell\" ><div id=\"panel-7-0-0-0\" class=\"so-panel widget widget_text panel-first-child panel-last-child\" data-index=\"0\" >\t\t\t<div class=\"textwidget\"><p><strong>QUIENES SOMOS<\/strong><\/p>\n<p>Nuestra empresa nace en la Regi\u00f3n de Urab\u00e1 en el a\u00f1o 2016, Contamos con sistemas productivos, desde donde se obtiene el producto de exportaci\u00f3n y donde se implementan las mejores pr\u00e1cticas agr\u00edcolas certificadas, que nos permiten producir fruta con los m\u00e1s altos est\u00e1ndares de calidad. y con profesionales de los m\u00e1s altos niveles en las \u00e1reas t\u00e9cnicas, administrativas, gerenciales y de comercializaci\u00f3n.<\/p>\n<\/div>\n\t\t<\/div><\/div><div id=\"pgc-7-0-1\"  class=\"panel-grid-cell\" ><div id=\"panel-7-0-1-0\" class=\"so-panel widget widget_media_image panel-first-child panel-last-child\" data-index=\"1\" ><img width=\"300\" height=\"225\" src=\"https:\/\/cifruitexportlb.com\/wp-content\/uploads\/2017\/11\/Tissue-culture-banana-plants-primary-hardened--300x225.jpg\" class=\"image wp-image-63  attachment-medium size-medium\" alt=\"\" loading=\"lazy\" style=\"max-width: 100%; height: auto;\" srcset=\"https:\/\/cifruitexportlb.com\/wp-content\/uploads\/2017\/11\/Tissue-culture-banana-plants-primary-hardened--300x225.jpg 300w, https:\/\/cifruitexportlb.com\/wp-content\/uploads\/2017\/11\/Tissue-culture-banana-plants-primary-hardened--768x576.jpg 768w, https:\/\/cifruitexportlb.com\/wp-content\/uploads\/2017\/11\/Tissue-culture-banana-plants-primary-hardened-.jpg 1024w\" sizes=\"(max-width: 300px) 100vw, 300px\" \/><\/div><\/div><\/div><div id=\"pg-7-1\"  class=\"panel-grid panel-no-style\" ><div id=\"pgc-7-1-0\"  class=\"panel-grid-cell\" ><div id=\"panel-7-1-0-0\" class=\"so-panel widget widget_text panel-first-child panel-last-child\" data-index=\"2\" >\t\t\t<div class=\"textwidget\"><p><strong>MISI\u00d3N<\/strong><\/p>\n<p>Ser una empresa exportadora de frutas frescas de alta calidad, con excelencia en servicios y alta capacidad empresarial, oferente de productos provenientes de procesos integrados desde el campo, con trazabilidad, cumpliendo protocolos de calidad y certificaciones exigidas por sus clientes.<\/p>\n<\/div>\n\t\t<\/div><\/div><div id=\"pgc-7-1-1\"  class=\"panel-grid-cell\" ><div id=\"panel-7-1-1-0\" class=\"so-panel widget widget_media_image panel-first-child panel-last-child\" data-index=\"3\" ><img width=\"300\" height=\"225\" src=\"https:\/\/cifruitexportlb.com\/wp-content\/uploads\/2017\/11\/3-300x225.jpg\" class=\"image wp-image-74  attachment-medium size-medium\" alt=\"\" loading=\"lazy\" style=\"max-width: 100%; height: auto;\" srcset=\"https:\/\/cifruitexportlb.com\/wp-content\/uploads\/2017\/11\/3-300x225.jpg 300w, https:\/\/cifruitexportlb.com\/wp-content\/uploads\/2017\/11\/3-768x576.jpg 768w, https:\/\/cifruitexportlb.com\/wp-content\/uploads\/2017\/11\/3-1024x768.jpg 1024w, https:\/\/cifruitexportlb.com\/wp-content\/uploads\/2017\/11\/3.jpg 1025w\" sizes=\"(max-width: 300px) 100vw, 300px\" \/><\/div><\/div><\/div><div id=\"pg-7-2\"  class=\"panel-grid panel-no-style\" ><div id=\"pgc-7-2-0\"  class=\"panel-grid-cell\" ><div id=\"panel-7-2-0-0\" class=\"so-panel widget widget_text panel-first-child panel-last-child\" data-index=\"4\" >\t\t\t<div class=\"textwidget\"><p><strong>VISI\u00d3N<\/strong><\/p>\n<p>Compa\u00f1\u00eda l\u00edder en Latinoam\u00e9rica en cuanto a calidad y productividad como proveedor de banano de exportaci\u00f3n y otros productos agroindustriales.<\/p>\n<p>As\u00ed como por nuestra solidez financiera, nuestro compromiso con el Personal y con el Entorno. \u00abmediante sistemas productivos sostenibles integrados, desde el punto de vista social, cultural, ambiental y econ\u00f3mico\u00bb<\/p>\n<\/div>\n\t\t<\/div><\/div><div id=\"pgc-7-2-1\"  class=\"panel-grid-cell\" ><div id=\"panel-7-2-1-0\" class=\"so-panel widget widget_media_image panel-first-child panel-last-child\" data-index=\"5\" ><img width=\"300\" height=\"225\" src=\"https:\/\/cifruitexportlb.com\/wp-content\/uploads\/2017\/11\/4-300x225.jpg\" class=\"image wp-image-77  attachment-medium size-medium\" alt=\"\" loading=\"lazy\" style=\"max-width: 100%; height: auto;\" srcset=\"https:\/\/cifruitexportlb.com\/wp-content\/uploads\/2017\/11\/4-300x225.jpg 300w, https:\/\/cifruitexportlb.com\/wp-content\/uploads\/2017\/11\/4-768x576.jpg 768w, https:\/\/cifruitexportlb.com\/wp-content\/uploads\/2017\/11\/4-1024x768.jpg 1024w, https:\/\/cifruitexportlb.com\/wp-content\/uploads\/2017\/11\/4.jpg 1025w\" sizes=\"(max-width: 300px) 100vw, 300px\" \/><\/div><\/div><\/div><div id=\"pg-7-3\"  class=\"panel-grid panel-no-style\" ><div id=\"pgc-7-3-0\"  class=\"panel-grid-cell\" ><div id=\"panel-7-3-0-0\" class=\"so-panel widget widget_text panel-first-child panel-last-child\" data-index=\"6\" >\t\t\t<div class=\"textwidget\"><p><strong>OBJETIVO<\/strong><\/p>\n<p>Ofrecer una excelente y homog\u00e9nea calidad de los productos agr\u00edcolas que comercializa.\u00a0 controlando los productos desde el campo hasta la puerta del cliente. cuidando garantizando que su distribuci\u00f3n y log\u00edstica conforman la base para dar el servicio integral y de calidad que necesitan nuestros clientes.<\/p>\n<\/div>\n\t\t<\/div><\/div><div id=\"pgc-7-3-1\"  class=\"panel-grid-cell\" ><div id=\"panel-7-3-1-0\" class=\"so-panel widget widget_media_image panel-first-child panel-last-child\" data-index=\"7\" ><img width=\"300\" height=\"225\" src=\"https:\/\/cifruitexportlb.com\/wp-content\/uploads\/2017\/11\/5-300x225.jpg\" class=\"image wp-image-80  attachment-medium size-medium\" alt=\"\" loading=\"lazy\" style=\"max-width: 100%; height: auto;\" srcset=\"https:\/\/cifruitexportlb.com\/wp-content\/uploads\/2017\/11\/5-300x225.jpg 300w, https:\/\/cifruitexportlb.com\/wp-content\/uploads\/2017\/11\/5-768x576.jpg 768w, https:\/\/cifruitexportlb.com\/wp-content\/uploads\/2017\/11\/5-1024x768.jpg 1024w, https:\/\/cifruitexportlb.com\/wp-content\/uploads\/2017\/11\/5.jpg 1025w\" sizes=\"(max-width: 300px) 100vw, 300px\" \/><\/div><\/div><\/div><div id=\"pg-7-4\"  class=\"panel-grid panel-no-style\" ><div id=\"pgc-7-4-0\"  class=\"panel-grid-cell\" ><div id=\"panel-7-4-0-0\" class=\"so-panel widget widget_text panel-first-child panel-last-child\" data-index=\"8\" >\t\t\t<div class=\"textwidget\"><p><strong>VALORES<\/strong><\/p>\n<ul>\n<li>Compromiso con la econom\u00eda regional.<\/li>\n<li>Compromiso con la comunidad.<\/li>\n<li>Compromiso con el medio ambiente.<\/li>\n<li>Compromiso con la calidad.<\/li>\n<li>Compromiso con el m\u00e1s alto nivel de servicio.<\/li>\n<li>Compromiso y respeto por partners y recursos humanos.<\/li>\n<\/ul>\n<\/div>\n\t\t<\/div><\/div><div id=\"pgc-7-4-1\"  class=\"panel-grid-cell\" ><div id=\"panel-7-4-1-0\" class=\"so-panel widget widget_media_image panel-first-child panel-last-child\" data-index=\"9\" ><img width=\"300\" height=\"225\" src=\"https:\/\/cifruitexportlb.com\/wp-content\/uploads\/2017\/11\/6-300x225.jpg\" class=\"image wp-image-83  attachment-medium size-medium\" alt=\"\" loading=\"lazy\" style=\"max-width: 100%; height: auto;\" srcset=\"https:\/\/cifruitexportlb.com\/wp-content\/uploads\/2017\/11\/6-300x225.jpg 300w, https:\/\/cifruitexportlb.com\/wp-content\/uploads\/2017\/11\/6-768x576.jpg 768w, https:\/\/cifruitexportlb.com\/wp-content\/uploads\/2017\/11\/6-1024x768.jpg 1024w, https:\/\/cifruitexportlb.com\/wp-content\/uploads\/2017\/11\/6.jpg 1025w\" sizes=\"(max-width: 300px) 100vw, 300px\" \/><\/div><\/div><\/div><div id=\"pg-7-5\"  class=\"panel-grid panel-no-style\" ><div id=\"pgc-7-5-0\"  class=\"panel-grid-cell\" ><div id=\"panel-7-5-0-0\" class=\"so-panel widget widget_text panel-first-child panel-last-child\" data-index=\"10\" >\t\t\t<div class=\"textwidget\"><p><strong>RESPONSABILIDAD SOCIAL<\/strong><\/p>\n<p>Tenemos un rol que cumplir ante la Sociedad. Nuestra Responsabilidad Social Empresarial se basa en la decisi\u00f3n de desarrollar nuestro negocio de forma \u00e9tica, y basados en la legalidad, con las mejores condiciones para nuestros empleados y sus familias, accionistas y proveedores, cuidando el entorno natural y con \u00f3ptimas condiciones de producci\u00f3n.<\/p>\n<\/div>\n\t\t<\/div><\/div><div id=\"pgc-7-5-1\"  class=\"panel-grid-cell\" ><div id=\"panel-7-5-1-0\" class=\"so-panel widget widget_media_image panel-first-child panel-last-child\" data-index=\"11\" ><img width=\"300\" height=\"225\" src=\"https:\/\/cifruitexportlb.com\/wp-content\/uploads\/2017\/11\/7-300x225.jpg\" class=\"image wp-image-86  attachment-medium size-medium\" alt=\"\" loading=\"lazy\" style=\"max-width: 100%; height: auto;\" srcset=\"https:\/\/cifruitexportlb.com\/wp-content\/uploads\/2017\/11\/7-300x225.jpg 300w, https:\/\/cifruitexportlb.com\/wp-content\/uploads\/2017\/11\/7-768x576.jpg 768w, https:\/\/cifruitexportlb.com\/wp-content\/uploads\/2017\/11\/7-1024x768.jpg 1024w, https:\/\/cifruitexportlb.com\/wp-content\/uploads\/2017\/11\/7.jpg 1025w\" sizes=\"(max-width: 300px) 100vw, 300px\" \/><\/div><\/div><\/div><\/div>","protected":false},"excerpt":{"rendered":"<div class=\"slide-text-bg2\"><span>QUIENES SOMOS Nuestra empresa nace en la Regi\u00f3n de Urab\u00e1 en el a\u00f1o 2016, Contamos con sistemas productivos, desde donde se obtiene el producto de export<\/span><\/div>\n<div class=\"slide-btn-area-sm\"><a href=\"https:\/\/cifruitexportlb.com\/?page_id=7\" class=\"slide-btn-sm\">Leer m\u00e1s<\/a><\/div>\n","protected":false},"author":1,"featured_media":0,"parent":0,"menu_order":0,"comment_status":"closed","ping_status":"closed","template":"","meta":[],"yoast_head":"<!-- This site is optimized with the Yoast SEO plugin v18.6 - https:\/\/yoast.com\/wordpress\/plugins\/seo\/ -->\n<title>Qui\u00e9nes Somos<\/title>\n<meta name=\"description\" content=\"Qui\u00e9nes Somos Nuestra empresa nace en la Regi\u00f3n de Urab\u00e1 en el a\u00f1o 2005, Contamos con sistemas productivos, desde donde se obtiene el producto de exportaci\u00f3n y donde se implementan las mejores pr\u00e1cticas agr\u00edcolas certificadas, que nos permiten producir fruta con los m\u00e1s altos est\u00e1ndares de calidad. y con profesionales de los m\u00e1s altos niveles en las \u00e1reas t\u00e9cnicas, administrativas, gerenciales y de comercializaci\u00f3n.\" \/>\n<meta name=\"robots\" content=\"index, follow, max-snippet:-1, max-image-preview:large, max-video-preview:-1\" \/>\n<link rel=\"canonical\" href=\"https:\/\/cifruitexportlb.com\/?page_id=7\" \/>\n<meta property=\"og:locale\" content=\"es_ES\" \/>\n<meta property=\"og:type\" content=\"article\" \/>\n<meta property=\"og:title\" content=\"Qui\u00e9nes Somos\" \/>\n<meta property=\"og:description\" content=\"Qui\u00e9nes Somos Nuestra empresa nace en la Regi\u00f3n de Urab\u00e1 en el a\u00f1o 2005, Contamos con sistemas productivos, desde donde se obtiene el producto de exportaci\u00f3n y donde se implementan las mejores pr\u00e1cticas agr\u00edcolas certificadas, que nos permiten producir fruta con los m\u00e1s altos est\u00e1ndares de calidad. y con profesionales de los m\u00e1s altos niveles en las \u00e1reas t\u00e9cnicas, administrativas, gerenciales y de comercializaci\u00f3n.\" \/>\n<meta property=\"og:url\" content=\"https:\/\/cifruitexportlb.com\/?page_id=7\" \/>\n<meta property=\"og:site_name\" content=\"CIFRUITEXPORT SAS\" \/>\n<meta property=\"article:modified_time\" content=\"2017-11-13T23:09:19+00:00\" \/>\n<meta property=\"og:image\" content=\"https:\/\/cifruitexportlb.com\/wp-content\/uploads\/2017\/11\/Tissue-culture-banana-plants-primary-hardened--300x225.jpg\" \/>\n<meta name=\"twitter:card\" content=\"summary\" \/>\n<meta name=\"twitter:label1\" content=\"Tiempo de lectura\" \/>\n\t<meta name=\"twitter:data1\" content=\"2 minutos\" \/>\n<script type=\"application\/ld+json\" class=\"yoast-schema-graph\">{\"@context\":\"https:\/\/schema.org\",\"@graph\":[{\"@type\":\"Organization\",\"@id\":\"https:\/\/cifruitexportlb.com\/#organization\",\"name\":\"Cifruitexport\",\"url\":\"https:\/\/cifruitexportlb.com\/\",\"sameAs\":[],\"logo\":{\"@type\":\"ImageObject\",\"@id\":\"https:\/\/cifruitexportlb.com\/#logo\",\"inLanguage\":\"es\",\"url\":\"https:\/\/cifruitexportlb.com\/wp-content\/uploads\/2017\/11\/cropped-LOGO.png\",\"contentUrl\":\"https:\/\/cifruitexportlb.com\/wp-content\/uploads\/2017\/11\/cropped-LOGO.png\",\"width\":512,\"height\":512,\"caption\":\"Cifruitexport\"},\"image\":{\"@id\":\"https:\/\/cifruitexportlb.com\/#logo\"}},{\"@type\":\"WebSite\",\"@id\":\"https:\/\/cifruitexportlb.com\/#website\",\"url\":\"https:\/\/cifruitexportlb.com\/\",\"name\":\"CIFRUITEXPORT SAS\",\"description\":\"Empresa exportadora de frutas frescas de alta calidad\",\"publisher\":{\"@id\":\"https:\/\/cifruitexportlb.com\/#organization\"},\"potentialAction\":[{\"@type\":\"SearchAction\",\"target\":{\"@type\":\"EntryPoint\",\"urlTemplate\":\"https:\/\/cifruitexportlb.com\/?s={search_term_string}\"},\"query-input\":\"required name=search_term_string\"}],\"inLanguage\":\"es\"},{\"@type\":\"ImageObject\",\"@id\":\"https:\/\/cifruitexportlb.com\/?page_id=7#primaryimage\",\"inLanguage\":\"es\",\"url\":\"https:\/\/cifruitexportlb.com\/wp-content\/uploads\/2017\/11\/Tissue-culture-banana-plants-primary-hardened-.jpg\",\"contentUrl\":\"https:\/\/cifruitexportlb.com\/wp-content\/uploads\/2017\/11\/Tissue-culture-banana-plants-primary-hardened-.jpg\",\"width\":1024,\"height\":768},{\"@type\":\"WebPage\",\"@id\":\"https:\/\/cifruitexportlb.com\/?page_id=7#webpage\",\"url\":\"https:\/\/cifruitexportlb.com\/?page_id=7\",\"name\":\"Qui\u00e9nes Somos\",\"isPartOf\":{\"@id\":\"https:\/\/cifruitexportlb.com\/#website\"},\"primaryImageOfPage\":{\"@id\":\"https:\/\/cifruitexportlb.com\/?page_id=7#primaryimage\"},\"datePublished\":\"2017-11-10T02:42:01+00:00\",\"dateModified\":\"2017-11-13T23:09:19+00:00\",\"description\":\"Qui\u00e9nes Somos Nuestra empresa nace en la Regi\u00f3n de Urab\u00e1 en el a\u00f1o 2005, Contamos con sistemas productivos, desde donde se obtiene el producto de exportaci\u00f3n y donde se implementan las mejores pr\u00e1cticas agr\u00edcolas certificadas, que nos permiten producir fruta con los m\u00e1s altos est\u00e1ndares de calidad. y con profesionales de los m\u00e1s altos niveles en las \u00e1reas t\u00e9cnicas, administrativas, gerenciales y de comercializaci\u00f3n.\",\"breadcrumb\":{\"@id\":\"https:\/\/cifruitexportlb.com\/?page_id=7#breadcrumb\"},\"inLanguage\":\"es\",\"potentialAction\":[{\"@type\":\"ReadAction\",\"target\":[\"https:\/\/cifruitexportlb.com\/?page_id=7\"]}]},{\"@type\":\"BreadcrumbList\",\"@id\":\"https:\/\/cifruitexportlb.com\/?page_id=7#breadcrumb\",\"itemListElement\":[{\"@type\":\"ListItem\",\"position\":1,\"name\":\"Portada\",\"item\":\"https:\/\/cifruitexportlb.com\/\"},{\"@type\":\"ListItem\",\"position\":2,\"name\":\"Qui\u00e9nes Somos\"}]}]}<\/script>\n<!-- \/ Yoast SEO plugin. -->","yoast_head_json":{"title":"Qui\u00e9nes Somos","description":"Qui\u00e9nes Somos Nuestra empresa nace en la Regi\u00f3n de Urab\u00e1 en el a\u00f1o 2005, Contamos con sistemas productivos, desde donde se obtiene el producto de exportaci\u00f3n y donde se implementan las mejores pr\u00e1cticas agr\u00edcolas certificadas, que nos permiten producir fruta con los m\u00e1s altos est\u00e1ndares de calidad. y con profesionales de los m\u00e1s altos niveles en las \u00e1reas t\u00e9cnicas, administrativas, gerenciales y de comercializaci\u00f3n.","robots":{"index":"index","follow":"follow","max-snippet":"max-snippet:-1","max-image-preview":"max-image-preview:large","max-video-preview":"max-video-preview:-1"},"canonical":"https:\/\/cifruitexportlb.com\/?page_id=7","og_locale":"es_ES","og_type":"article","og_title":"Qui\u00e9nes Somos","og_description":"Qui\u00e9nes Somos Nuestra empresa nace en la Regi\u00f3n de Urab\u00e1 en el a\u00f1o 2005, Contamos con sistemas productivos, desde donde se obtiene el producto de exportaci\u00f3n y donde se implementan las mejores pr\u00e1cticas agr\u00edcolas certificadas, que nos permiten producir fruta con los m\u00e1s altos est\u00e1ndares de calidad. y con profesionales de los m\u00e1s altos niveles en las \u00e1reas t\u00e9cnicas, administrativas, gerenciales y de comercializaci\u00f3n.","og_url":"https:\/\/cifruitexportlb.com\/?page_id=7","og_site_name":"CIFRUITEXPORT SAS","article_modified_time":"2017-11-13T23:09:19+00:00","og_image":[{"url":"https:\/\/cifruitexportlb.com\/wp-content\/uploads\/2017\/11\/Tissue-culture-banana-plants-primary-hardened--300x225.jpg"}],"twitter_card":"summary","twitter_misc":{"Tiempo de lectura":"2 minutos"},"schema":{"@context":"https:\/\/schema.org","@graph":[{"@type":"Organization","@id":"https:\/\/cifruitexportlb.com\/#organization","name":"Cifruitexport","url":"https:\/\/cifruitexportlb.com\/","sameAs":[],"logo":{"@type":"ImageObject","@id":"https:\/\/cifruitexportlb.com\/#logo","inLanguage":"es","url":"https:\/\/cifruitexportlb.com\/wp-content\/uploads\/2017\/11\/cropped-LOGO.png","contentUrl":"https:\/\/cifruitexportlb.com\/wp-content\/uploads\/2017\/11\/cropped-LOGO.png","width":512,"height":512,"caption":"Cifruitexport"},"image":{"@id":"https:\/\/cifruitexportlb.com\/#logo"}},{"@type":"WebSite","@id":"https:\/\/cifruitexportlb.com\/#website","url":"https:\/\/cifruitexportlb.com\/","name":"CIFRUITEXPORT SAS","description":"Empresa exportadora de frutas frescas de alta calidad","publisher":{"@id":"https:\/\/cifruitexportlb.com\/#organization"},"potentialAction":[{"@type":"SearchAction","target":{"@type":"EntryPoint","urlTemplate":"https:\/\/cifruitexportlb.com\/?s={search_term_string}"},"query-input":"required name=search_term_string"}],"inLanguage":"es"},{"@type":"ImageObject","@id":"https:\/\/cifruitexportlb.com\/?page_id=7#primaryimage","inLanguage":"es","url":"https:\/\/cifruitexportlb.com\/wp-content\/uploads\/2017\/11\/Tissue-culture-banana-plants-primary-hardened-.jpg","contentUrl":"https:\/\/cifruitexportlb.com\/wp-content\/uploads\/2017\/11\/Tissue-culture-banana-plants-primary-hardened-.jpg","width":1024,"height":768},{"@type":"WebPage","@id":"https:\/\/cifruitexportlb.com\/?page_id=7#webpage","url":"https:\/\/cifruitexportlb.com\/?page_id=7","name":"Qui\u00e9nes Somos","isPartOf":{"@id":"https:\/\/cifruitexportlb.com\/#website"},"primaryImageOfPage":{"@id":"https:\/\/cifruitexportlb.com\/?page_id=7#primaryimage"},"datePublished":"2017-11-10T02:42:01+00:00","dateModified":"2017-11-13T23:09:19+00:00","description":"Qui\u00e9nes Somos Nuestra empresa nace en la Regi\u00f3n de Urab\u00e1 en el a\u00f1o 2005, Contamos con sistemas productivos, desde donde se obtiene el producto de exportaci\u00f3n y donde se implementan las mejores pr\u00e1cticas agr\u00edcolas certificadas, que nos permiten producir fruta con los m\u00e1s altos est\u00e1ndares de calidad. y con profesionales de los m\u00e1s altos niveles en las \u00e1reas t\u00e9cnicas, administrativas, gerenciales y de comercializaci\u00f3n.","breadcrumb":{"@id":"https:\/\/cifruitexportlb.com\/?page_id=7#breadcrumb"},"inLanguage":"es","potentialAction":[{"@type":"ReadAction","target":["https:\/\/cifruitexportlb.com\/?page_id=7"]}]},{"@type":"BreadcrumbList","@id":"https:\/\/cifruitexportlb.com\/?page_id=7#breadcrumb","itemListElement":[{"@type":"ListItem","position":1,"name":"Portada","item":"https:\/\/cifruitexportlb.com\/"},{"@type":"ListItem","position":2,"name":"Qui\u00e9nes Somos"}]}]}},"_links":{"self":[{"href":"https:\/\/cifruitexportlb.com\/index.php?rest_route=\/wp\/v2\/pages\/7"}],"collection":[{"href":"https:\/\/cifruitexportlb.com\/index.php?rest_route=\/wp\/v2\/pages"}],"about":[{"href":"https:\/\/cifruitexportlb.com\/index.php?rest_route=\/wp\/v2\/types\/page"}],"author":[{"embeddable":true,"href":"https:\/\/cifruitexportlb.com\/index.php?rest_route=\/wp\/v2\/users\/1"}],"replies":[{"embeddable":true,"href":"https:\/\/cifruitexportlb.com\/index.php?rest_route=%2Fwp%2Fv2%2Fcomments&post=7"}],"version-history":[{"count":28,"href":"https:\/\/cifruitexportlb.com\/index.php?rest_route=\/wp\/v2\/pages\/7\/revisions"}],"predecessor-version":[{"id":260,"href":"https:\/\/cifruitexportlb.com\/index.php?rest_route=\/wp\/v2\/pages\/7\/revisions\/260"}],"wp:attachment":[{"href":"https:\/\/cifruitexportlb.com\/index.php?rest_route=%2Fwp%2Fv2%2Fmedia&parent=7"}],"curies":[{"name":"wp","href":"https:\/\/api.w.org\/{rel}","templated":true}]}}