{"id":28,"date":"2017-11-10T10:58:07","date_gmt":"2017-11-10T10:58:07","guid":{"rendered":"https:\/\/cifruitexportlb.com\/?page_id=28"},"modified":"2019-07-18T11:38:03","modified_gmt":"2019-07-18T11:38:03","slug":"inicio","status":"publish","type":"page","link":"https:\/\/cifruitexportlb.com\/","title":{"rendered":"Inicio"},"content":{"rendered":"<div id=\"pl-28\"  class=\"panel-layout\" ><div id=\"pg-28-0\"  class=\"panel-grid panel-no-style\" ><div id=\"pgc-28-0-0\"  class=\"panel-grid-cell\" ><div id=\"panel-28-0-0-0\" class=\"so-panel widget widget_sow-slider panel-first-child panel-last-child\" data-index=\"0\" ><div class=\"so-widget-sow-slider so-widget-sow-slider-default-c792f1374f0f-28\"><div class=\"sow-slider-base\" style=\"display: none\"><ul\n\t\t\t\t\tclass=\"sow-slider-images\"\n\t\t\t\t\tdata-settings=\"{&quot;pagination&quot;:true,&quot;speed&quot;:400,&quot;timeout&quot;:8000,&quot;paused&quot;:false,&quot;pause_on_hover&quot;:false,&quot;swipe&quot;:true,&quot;nav_always_show_desktop&quot;:&quot;&quot;,&quot;nav_always_show_mobile&quot;:&quot;&quot;,&quot;breakpoint&quot;:&quot;780px&quot;,&quot;unmute&quot;:false,&quot;anchor&quot;:null}\"\n\t\t\t\t\t\t\t\t\t>\t\t<li class=\"sow-slider-image  sow-slider-image-tile\" style=\"background-image: url(https:\/\/cifruitexportlb.com\/wp-content\/uploads\/2017\/11\/2-1.jpg)\" >\n\t\t\t\t\t\t\t\t\t<img width=\"1790\" height=\"757\" src=\"https:\/\/cifruitexportlb.com\/wp-content\/uploads\/2017\/11\/2-1.jpg\" class=\"sow-slider-background-image skip-lazy\" alt=\"\" loading=\"eager\" srcset=\"https:\/\/cifruitexportlb.com\/wp-content\/uploads\/2017\/11\/2-1.jpg 1790w, https:\/\/cifruitexportlb.com\/wp-content\/uploads\/2017\/11\/2-1-300x127.jpg 300w, https:\/\/cifruitexportlb.com\/wp-content\/uploads\/2017\/11\/2-1-768x325.jpg 768w, https:\/\/cifruitexportlb.com\/wp-content\/uploads\/2017\/11\/2-1-1024x433.jpg 1024w\" sizes=\"(max-width: 1790px) 100vw, 1790px\" \/>\t\t\t\t\t\t\t\t<\/li>\n\t\t\t\t<li class=\"sow-slider-image  sow-slider-image-tile\" style=\"background-image: url(https:\/\/cifruitexportlb.com\/wp-content\/uploads\/2017\/11\/cap_san_nicolas_26062013.jpg)\" >\n\t\t\t\t\t\t\t\t\t<img width=\"1790\" height=\"757\" src=\"https:\/\/cifruitexportlb.com\/wp-content\/uploads\/2017\/11\/cap_san_nicolas_26062013.jpg\" class=\"sow-slider-background-image skip-lazy\" alt=\"\" loading=\"eager\" srcset=\"https:\/\/cifruitexportlb.com\/wp-content\/uploads\/2017\/11\/cap_san_nicolas_26062013.jpg 1790w, https:\/\/cifruitexportlb.com\/wp-content\/uploads\/2017\/11\/cap_san_nicolas_26062013-300x127.jpg 300w, https:\/\/cifruitexportlb.com\/wp-content\/uploads\/2017\/11\/cap_san_nicolas_26062013-768x325.jpg 768w, https:\/\/cifruitexportlb.com\/wp-content\/uploads\/2017\/11\/cap_san_nicolas_26062013-1024x433.jpg 1024w\" sizes=\"(max-width: 1790px) 100vw, 1790px\" \/>\t\t\t\t\t\t\t\t<\/li>\n\t\t\t\t<li class=\"sow-slider-image  sow-slider-image-tile\" style=\"background-image: url(https:\/\/cifruitexportlb.com\/wp-content\/uploads\/2017\/11\/1-1.jpg)\" >\n\t\t\t\t\t\t\t\t\t<img width=\"1790\" height=\"757\" src=\"https:\/\/cifruitexportlb.com\/wp-content\/uploads\/2017\/11\/1-1.jpg\" class=\"sow-slider-background-image skip-lazy\" alt=\"\" loading=\"eager\" srcset=\"https:\/\/cifruitexportlb.com\/wp-content\/uploads\/2017\/11\/1-1.jpg 1790w, https:\/\/cifruitexportlb.com\/wp-content\/uploads\/2017\/11\/1-1-300x127.jpg 300w, https:\/\/cifruitexportlb.com\/wp-content\/uploads\/2017\/11\/1-1-768x325.jpg 768w, https:\/\/cifruitexportlb.com\/wp-content\/uploads\/2017\/11\/1-1-1024x433.jpg 1024w\" sizes=\"(max-width: 1790px) 100vw, 1790px\" \/>\t\t\t\t\t\t\t\t<\/li>\n\t\t<\/ul>\t\t\t\t<ol class=\"sow-slider-pagination\">\n\t\t\t\t\t\t\t\t\t\t\t<li><a href=\"#\" data-goto=\"0\" aria-label=\"mostrar diapositiva 1\"><\/a><\/li>\n\t\t\t\t\t\t\t\t\t\t\t<li><a href=\"#\" data-goto=\"1\" aria-label=\"mostrar diapositiva 2\"><\/a><\/li>\n\t\t\t\t\t\t\t\t\t\t\t<li><a href=\"#\" data-goto=\"2\" aria-label=\"mostrar diapositiva 3\"><\/a><\/li>\n\t\t\t\t\t\t\t\t\t<\/ol>\n\n\t\t\t\t<div class=\"sow-slide-nav sow-slide-nav-next\">\n\t\t\t\t\t<a href=\"#\" data-goto=\"next\" aria-label=\"diapositiva siguiente\" data-action=\"next\">\n\t\t\t\t\t\t<em class=\"sow-sld-icon-thin-right\"><\/em>\n\t\t\t\t\t<\/a>\n\t\t\t\t<\/div>\n\n\t\t\t\t<div class=\"sow-slide-nav sow-slide-nav-prev\">\n\t\t\t\t\t<a href=\"#\" data-goto=\"previous\" aria-label=\"diapositiva anterior\" data-action=\"prev\">\n\t\t\t\t\t\t<em class=\"sow-sld-icon-thin-left\"><\/em>\n\t\t\t\t\t<\/a>\n\t\t\t\t<\/div>\n\t\t\t\t<\/div><\/div><\/div><\/div><\/div><div id=\"pg-28-1\"  class=\"panel-grid panel-no-style\" ><div id=\"pgc-28-1-0\"  class=\"panel-grid-cell\" ><div id=\"panel-28-1-0-0\" class=\"so-panel widget widget_sow-slider panel-first-child panel-last-child\" data-index=\"1\" ><div class=\"so-widget-sow-slider so-widget-sow-slider-default-53fd0f98de19-28\"><div class=\"sow-slider-base\" style=\"display: none\"><ul\n\t\t\t\t\tclass=\"sow-slider-images\"\n\t\t\t\t\tdata-settings=\"{&quot;pagination&quot;:true,&quot;speed&quot;:800,&quot;timeout&quot;:8000,&quot;paused&quot;:false,&quot;pause_on_hover&quot;:false,&quot;swipe&quot;:true,&quot;nav_always_show_desktop&quot;:&quot;&quot;,&quot;nav_always_show_mobile&quot;:&quot;&quot;,&quot;breakpoint&quot;:&quot;780px&quot;,&quot;unmute&quot;:false,&quot;anchor&quot;:null}\"\n\t\t\t\t\t\t\t\t\t>\t\t<li class=\"sow-slider-image  sow-slider-image-cover\" style=\"background-image: url(https:\/\/cifruitexportlb.com\/wp-content\/uploads\/2019\/07\/MAPA-01.jpg)\" >\n\t\t\t\t\t\t\t\t\t<img width=\"2364\" height=\"1182\" src=\"https:\/\/cifruitexportlb.com\/wp-content\/uploads\/2019\/07\/MAPA-01.jpg\" class=\"sow-slider-background-image skip-lazy\" alt=\"\" loading=\"eager\" srcset=\"https:\/\/cifruitexportlb.com\/wp-content\/uploads\/2019\/07\/MAPA-01.jpg 2364w, https:\/\/cifruitexportlb.com\/wp-content\/uploads\/2019\/07\/MAPA-01-300x150.jpg 300w, https:\/\/cifruitexportlb.com\/wp-content\/uploads\/2019\/07\/MAPA-01-768x384.jpg 768w, https:\/\/cifruitexportlb.com\/wp-content\/uploads\/2019\/07\/MAPA-01-1024x512.jpg 1024w\" sizes=\"(max-width: 2364px) 100vw, 2364px\" \/>\t\t\t\t\t\t\t\t<\/li>\n\t\t<\/ul>\t\t\t\t<ol class=\"sow-slider-pagination\">\n\t\t\t\t\t\t\t\t\t\t\t<li><a href=\"#\" data-goto=\"0\" aria-label=\"mostrar diapositiva 1\"><\/a><\/li>\n\t\t\t\t\t\t\t\t\t<\/ol>\n\n\t\t\t\t<div class=\"sow-slide-nav sow-slide-nav-next\">\n\t\t\t\t\t<a href=\"#\" data-goto=\"next\" aria-label=\"diapositiva siguiente\" data-action=\"next\">\n\t\t\t\t\t\t<em class=\"sow-sld-icon-thin-right\"><\/em>\n\t\t\t\t\t<\/a>\n\t\t\t\t<\/div>\n\n\t\t\t\t<div class=\"sow-slide-nav sow-slide-nav-prev\">\n\t\t\t\t\t<a href=\"#\" data-goto=\"previous\" aria-label=\"diapositiva anterior\" data-action=\"prev\">\n\t\t\t\t\t\t<em class=\"sow-sld-icon-thin-left\"><\/em>\n\t\t\t\t\t<\/a>\n\t\t\t\t<\/div>\n\t\t\t\t<\/div><\/div><\/div><\/div><\/div><\/div>","protected":false},"excerpt":{"rendered":"<div class=\"slide-text-bg2\"><span><\/span><\/div>\n","protected":false},"author":1,"featured_media":0,"parent":0,"menu_order":0,"comment_status":"closed","ping_status":"closed","template":"","meta":[],"yoast_head":"<!-- This site is optimized with the Yoast SEO plugin v18.6 - https:\/\/yoast.com\/wordpress\/plugins\/seo\/ -->\n<title>CIFRUITEXPORT SAS<\/title>\n<meta name=\"description\" content=\"CIFRUITEXPORT SAS Nuestra empresa nace en la Regi\u00f3n de Urab\u00e1 en el a\u00f1o 2005, Contamos con sistemas productivos, desde donde se obtiene el producto de exportaci\u00f3n y donde se implementan las mejores pr\u00e1cticas agr\u00edcolas certificadas, que nos permiten producir fruta con los m\u00e1s altos est\u00e1ndares de calidad. y con profesionales de los m\u00e1s altos niveles en las \u00e1reas t\u00e9cnicas, administrativas, gerenciales y de comercializaci\u00f3n.\" \/>\n<meta name=\"robots\" content=\"index, follow, max-snippet:-1, max-image-preview:large, max-video-preview:-1\" \/>\n<link rel=\"canonical\" href=\"https:\/\/cifruitexportlb.com\/\" \/>\n<meta property=\"og:locale\" content=\"es_ES\" \/>\n<meta property=\"og:type\" content=\"article\" \/>\n<meta property=\"og:title\" content=\"CIFRUITEXPORT SAS\" \/>\n<meta property=\"og:description\" content=\"CIFRUITEXPORT SAS Nuestra empresa nace en la Regi\u00f3n de Urab\u00e1 en el a\u00f1o 2005, Contamos con sistemas productivos, desde donde se obtiene el producto de exportaci\u00f3n y donde se implementan las mejores pr\u00e1cticas agr\u00edcolas certificadas, que nos permiten producir fruta con los m\u00e1s altos est\u00e1ndares de calidad. y con profesionales de los m\u00e1s altos niveles en las \u00e1reas t\u00e9cnicas, administrativas, gerenciales y de comercializaci\u00f3n.\" \/>\n<meta property=\"og:url\" content=\"https:\/\/cifruitexportlb.com\/\" \/>\n<meta property=\"og:site_name\" content=\"CIFRUITEXPORT SAS\" \/>\n<meta property=\"article:modified_time\" content=\"2019-07-18T11:38:03+00:00\" \/>\n<meta name=\"twitter:card\" content=\"summary\" \/>\n<script type=\"application\/ld+json\" class=\"yoast-schema-graph\">{\"@context\":\"https:\/\/schema.org\",\"@graph\":[{\"@type\":\"Organization\",\"@id\":\"https:\/\/cifruitexportlb.com\/#organization\",\"name\":\"Cifruitexport\",\"url\":\"https:\/\/cifruitexportlb.com\/\",\"sameAs\":[],\"logo\":{\"@type\":\"ImageObject\",\"@id\":\"https:\/\/cifruitexportlb.com\/#logo\",\"inLanguage\":\"es\",\"url\":\"https:\/\/cifruitexportlb.com\/wp-content\/uploads\/2017\/11\/cropped-LOGO.png\",\"contentUrl\":\"https:\/\/cifruitexportlb.com\/wp-content\/uploads\/2017\/11\/cropped-LOGO.png\",\"width\":512,\"height\":512,\"caption\":\"Cifruitexport\"},\"image\":{\"@id\":\"https:\/\/cifruitexportlb.com\/#logo\"}},{\"@type\":\"WebSite\",\"@id\":\"https:\/\/cifruitexportlb.com\/#website\",\"url\":\"https:\/\/cifruitexportlb.com\/\",\"name\":\"CIFRUITEXPORT SAS\",\"description\":\"Empresa exportadora de frutas frescas de alta calidad\",\"publisher\":{\"@id\":\"https:\/\/cifruitexportlb.com\/#organization\"},\"potentialAction\":[{\"@type\":\"SearchAction\",\"target\":{\"@type\":\"EntryPoint\",\"urlTemplate\":\"https:\/\/cifruitexportlb.com\/?s={search_term_string}\"},\"query-input\":\"required name=search_term_string\"}],\"inLanguage\":\"es\"},{\"@type\":\"WebPage\",\"@id\":\"https:\/\/cifruitexportlb.com\/#webpage\",\"url\":\"https:\/\/cifruitexportlb.com\/\",\"name\":\"CIFRUITEXPORT SAS\",\"isPartOf\":{\"@id\":\"https:\/\/cifruitexportlb.com\/#website\"},\"datePublished\":\"2017-11-10T10:58:07+00:00\",\"dateModified\":\"2019-07-18T11:38:03+00:00\",\"description\":\"CIFRUITEXPORT SAS Nuestra empresa nace en la Regi\u00f3n de Urab\u00e1 en el a\u00f1o 2005, Contamos con sistemas productivos, desde donde se obtiene el producto de exportaci\u00f3n y donde se implementan las mejores pr\u00e1cticas agr\u00edcolas certificadas, que nos permiten producir fruta con los m\u00e1s altos est\u00e1ndares de calidad. y con profesionales de los m\u00e1s altos niveles en las \u00e1reas t\u00e9cnicas, administrativas, gerenciales y de comercializaci\u00f3n.\",\"breadcrumb\":{\"@id\":\"https:\/\/cifruitexportlb.com\/#breadcrumb\"},\"inLanguage\":\"es\",\"potentialAction\":[{\"@type\":\"ReadAction\",\"target\":[\"https:\/\/cifruitexportlb.com\/\"]}]},{\"@type\":\"BreadcrumbList\",\"@id\":\"https:\/\/cifruitexportlb.com\/#breadcrumb\",\"itemListElement\":[{\"@type\":\"ListItem\",\"position\":1,\"name\":\"Portada\",\"item\":\"https:\/\/cifruitexportlb.com\/\"},{\"@type\":\"ListItem\",\"position\":2,\"name\":\"Inicio\"}]}]}<\/script>\n<!-- \/ Yoast SEO plugin. -->","yoast_head_json":{"title":"CIFRUITEXPORT SAS","description":"CIFRUITEXPORT SAS Nuestra empresa nace en la Regi\u00f3n de Urab\u00e1 en el a\u00f1o 2005, Contamos con sistemas productivos, desde donde se obtiene el producto de exportaci\u00f3n y donde se implementan las mejores pr\u00e1cticas agr\u00edcolas certificadas, que nos permiten producir fruta con los m\u00e1s altos est\u00e1ndares de calidad. y con profesionales de los m\u00e1s altos niveles en las \u00e1reas t\u00e9cnicas, administrativas, gerenciales y de comercializaci\u00f3n.","robots":{"index":"index","follow":"follow","max-snippet":"max-snippet:-1","max-image-preview":"max-image-preview:large","max-video-preview":"max-video-preview:-1"},"canonical":"https:\/\/cifruitexportlb.com\/","og_locale":"es_ES","og_type":"article","og_title":"CIFRUITEXPORT SAS","og_description":"CIFRUITEXPORT SAS Nuestra empresa nace en la Regi\u00f3n de Urab\u00e1 en el a\u00f1o 2005, Contamos con sistemas productivos, desde donde se obtiene el producto de exportaci\u00f3n y donde se implementan las mejores pr\u00e1cticas agr\u00edcolas certificadas, que nos permiten producir fruta con los m\u00e1s altos est\u00e1ndares de calidad. y con profesionales de los m\u00e1s altos niveles en las \u00e1reas t\u00e9cnicas, administrativas, gerenciales y de comercializaci\u00f3n.","og_url":"https:\/\/cifruitexportlb.com\/","og_site_name":"CIFRUITEXPORT SAS","article_modified_time":"2019-07-18T11:38:03+00:00","twitter_card":"summary","schema":{"@context":"https:\/\/schema.org","@graph":[{"@type":"Organization","@id":"https:\/\/cifruitexportlb.com\/#organization","name":"Cifruitexport","url":"https:\/\/cifruitexportlb.com\/","sameAs":[],"logo":{"@type":"ImageObject","@id":"https:\/\/cifruitexportlb.com\/#logo","inLanguage":"es","url":"https:\/\/cifruitexportlb.com\/wp-content\/uploads\/2017\/11\/cropped-LOGO.png","contentUrl":"https:\/\/cifruitexportlb.com\/wp-content\/uploads\/2017\/11\/cropped-LOGO.png","width":512,"height":512,"caption":"Cifruitexport"},"image":{"@id":"https:\/\/cifruitexportlb.com\/#logo"}},{"@type":"WebSite","@id":"https:\/\/cifruitexportlb.com\/#website","url":"https:\/\/cifruitexportlb.com\/","name":"CIFRUITEXPORT SAS","description":"Empresa exportadora de frutas frescas de alta calidad","publisher":{"@id":"https:\/\/cifruitexportlb.com\/#organization"},"potentialAction":[{"@type":"SearchAction","target":{"@type":"EntryPoint","urlTemplate":"https:\/\/cifruitexportlb.com\/?s={search_term_string}"},"query-input":"required name=search_term_string"}],"inLanguage":"es"},{"@type":"WebPage","@id":"https:\/\/cifruitexportlb.com\/#webpage","url":"https:\/\/cifruitexportlb.com\/","name":"CIFRUITEXPORT SAS","isPartOf":{"@id":"https:\/\/cifruitexportlb.com\/#website"},"datePublished":"2017-11-10T10:58:07+00:00","dateModified":"2019-07-18T11:38:03+00:00","description":"CIFRUITEXPORT SAS Nuestra empresa nace en la Regi\u00f3n de Urab\u00e1 en el a\u00f1o 2005, Contamos con sistemas productivos, desde donde se obtiene el producto de exportaci\u00f3n y donde se implementan las mejores pr\u00e1cticas agr\u00edcolas certificadas, que nos permiten producir fruta con los m\u00e1s altos est\u00e1ndares de calidad. y con profesionales de los m\u00e1s altos niveles en las \u00e1reas t\u00e9cnicas, administrativas, gerenciales y de comercializaci\u00f3n.","breadcrumb":{"@id":"https:\/\/cifruitexportlb.com\/#breadcrumb"},"inLanguage":"es","potentialAction":[{"@type":"ReadAction","target":["https:\/\/cifruitexportlb.com\/"]}]},{"@type":"BreadcrumbList","@id":"https:\/\/cifruitexportlb.com\/#breadcrumb","itemListElement":[{"@type":"ListItem","position":1,"name":"Portada","item":"https:\/\/cifruitexportlb.com\/"},{"@type":"ListItem","position":2,"name":"Inicio"}]}]}},"_links":{"self":[{"href":"https:\/\/cifruitexportlb.com\/index.php?rest_route=\/wp\/v2\/pages\/28"}],"collection":[{"href":"https:\/\/cifruitexportlb.com\/index.php?rest_route=\/wp\/v2\/pages"}],"about":[{"href":"https:\/\/cifruitexportlb.com\/index.php?rest_route=\/wp\/v2\/types\/page"}],"author":[{"embeddable":true,"href":"https:\/\/cifruitexportlb.com\/index.php?rest_route=\/wp\/v2\/users\/1"}],"replies":[{"embeddable":true,"href":"https:\/\/cifruitexportlb.com\/index.php?rest_route=%2Fwp%2Fv2%2Fcomments&post=28"}],"version-history":[{"count":104,"href":"https:\/\/cifruitexportlb.com\/index.php?rest_route=\/wp\/v2\/pages\/28\/revisions"}],"predecessor-version":[{"id":320,"href":"https:\/\/cifruitexportlb.com\/index.php?rest_route=\/wp\/v2\/pages\/28\/revisions\/320"}],"wp:attachment":[{"href":"https:\/\/cifruitexportlb.com\/index.php?rest_route=%2Fwp%2Fv2%2Fmedia&parent=28"}],"curies":[{"name":"wp","href":"https:\/\/api.w.org\/{rel}","templated":true}]}}